{"id":11897,"date":"2020-01-29T05:12:36","date_gmt":"2020-01-29T05:12:36","guid":{"rendered":"http:\/\/emphires-demo.creativesplanet.com\/demo1\/?page_id=11897"},"modified":"2022-06-22T16:11:04","modified_gmt":"2022-06-22T19:11:04","slug":"quemsomos","status":"publish","type":"page","link":"https:\/\/soulconsulting.com.br\/en_us\/quemsomos\/","title":{"rendered":"Who we are"},"content":{"rendered":"<div data-vc-full-width=\"true\" data-vc-full-width-init=\"false\" class=\"vc_row wpb_row vc_row-fluid cspt-overflow-visible vc_custom_1607698228203 cspt-row cspt-bg-color-yes cspt-bg-color-white cspt-zindex-zero cspt-bgimage-position-center-bottom cspt-responsive-custom-52451703 cspt-break-col-991 cspt-bgimage-over-bgcolor vc_row-has-fill vc_row-o-content-middle vc_row-flex\">\n\t\t\t<div class=\"wpb_column vc_column_container vc_col-sm-6 cspt-column cspt-bg-color-yes cspt-bg-color-transparent cspt-zindex-2 cspt-responsive-custom-62814254\">\n\t<div class=\"vc_column-inner\">\n\t\t\t<div class=\"wpb_wrapper\">\n\t\t\t\n\t<div  class=\"wpb_single_image wpb_content_element vc_align_left\">\n\t\t\n\t\t<figure class=\"wpb_wrapper vc_figure\">\n\t\t\t<div class=\"vc_single_image-wrapper   vc_box_border_grey\"><img loading=\"lazy\" decoding=\"async\" class=\"vc_single_image-img\" src=\"https:\/\/soulconsulting.com.br\/2020\/wp-content\/uploads\/2022\/01\/Soul-HR-Consulting-134-e1641933409933-600x600.jpg\" width=\"600\" height=\"600\" alt=\"Soul HR Consulting 134\" title=\"Soul HR Consulting 134\" \/><\/div>\n\t\t<\/figure>\n\t<\/div>\n\t\t<\/div>\n\t<\/div>\n<\/div>\n<div class=\"wpb_column vc_column_container vc_col-sm-6 cspt-column cspt-bg-color-yes cspt-bg-color-transparent cspt-zindex-zero cspt-responsive-custom-65891897\">\n\t<div class=\"vc_column-inner vc_custom_1581328281579\">\n\t\t\t<div class=\"wpb_wrapper\">\n\t\t\t<div  class=\"cspt-ihbox cspt-ihbox-style-hsbox   cspt-reverse-heading-yes cspt-align-center\" >\n\t<div class=\"cspt-ihbox-box\">\n\t\t<div class=\"cspt-ihbox-contents\">\n\t\t\t<div class=\"cspt-ihbox-subheading\"><\/div>\t\t\t<div class=\"cspt-ihbox-heading\"><\/div>\t\t\t\t\t\t\t\t\t\t\t<\/div><!-- .cspt-ihbox-contents -->\n\t<\/div>\n<\/div>\n<div style=\"font-size: 20px;line-height: 28px;text-align: justify;font-family:Muli;font-weight:600;font-style:normal\" class=\"vc_custom_heading\" >A consultancy of professionals who believe in the transformative power of people connected with themselves and the purpose of their work. Therefore, we help people to enhance their professional lives and companies to find and manage talent that suits their culture and challenges.<\/div>\n\t<div class=\"wpb_text_column wpb_content_element\" >\n\t\t<div class=\"wpb_wrapper\">\n\t\t\t<p>We work with projects aimed at organizations and professionals looking for changes that boost their presence in the market, whether attracting talent compatible with your company's challenges and purposes, transforming the company's culture or enhancing your career.<br \/>\nWe listen to what you have to say, we understand what you need and we find efficient solutions that suit your reality.<\/p>\n\n\t\t<\/div>\n\t<\/div>\n\t\t<\/div>\n\t<\/div>\n<\/div>\n<\/div>\n<div class=\"vc_row-full-width vc_clearfix\"><\/div><div class=\"vc_row wpb_row vc_row-fluid vc_custom_1580125181904 cspt-row cspt-bg-color-yes cspt-bg-color-white cspt-zindex-zero\">\n\t\t\t<div class=\"wpb_column vc_column_container vc_col-sm-12 cspt-column cspt-bg-color-yes cspt-bg-color-transparent cspt-zindex-zero\">\n\t<div class=\"vc_column-inner\">\n\t\t\t<div class=\"wpb_wrapper\">\n\t\t\t<div  class=\"creativesplanet-element creativesplanet-element-team cspt-element-team-style-3 creativesplanet-element-viewtype-row-column cspt-sortable-no\" data-show=\"3\" data-columns=\"2\" data-loop=\"false\" data-autoplay=\"false\" data-center=\"false\" data-nav=\"false\" data-dots=\"false\" data-autoplayspeed=\"1000\" data-margin=\"\"><div class=\"creativesplanet-element-inner\"><div class=\"cspt-team-ele-heading\"><div  class=\"cspt-ihbox cspt-ihbox-style-hsbox  cspt-reverse-heading-yes cspt-align-center\" >\n\t<div class=\"cspt-ihbox-box\">\n\t\t<div class=\"cspt-ihbox-contents\">\n\t\t\t<div class=\"cspt-ihbox-subheading\"><\/div>\t\t\t<div class=\"cspt-ihbox-heading\"><\/div>\t\t\t\t\t\t\t\t\t\t\t<\/div><!-- .cspt-ihbox-contents -->\n\t<\/div>\n<\/div>\n<\/div><div class=\"cspt-element-posts-wrapper row multi-columns-row\"><div class=\"cspt-ele cspt-team-ele col-md-6\"><article class=\"creativesplanet-ele creativesplanet-ele-team cspt-team-style-3\">\n\t<div class=\"creativesplanet-post-item d-flex\">\n\t\t<div class=\"creativesplanet-team-image-box\">\t\t\t\n\t\t\t<div class=\"cspt-featured-wrapper\"><a href=\"https:\/\/soulconsulting.com.br\/en_us\/equipe-soul\/lucia_costa\/\"><img loading=\"lazy\" decoding=\"async\" width=\"500\" height=\"560\" src=\"https:\/\/soulconsulting.com.br\/2020\/wp-content\/uploads\/2021\/08\/2-500x560.png\" class=\"attachment-cspt-img-500x560 size-cspt-img-500x560 wp-post-image\" alt=\"\" srcset=\"https:\/\/soulconsulting.com.br\/2020\/wp-content\/uploads\/2021\/08\/2-500x560.png 500w, https:\/\/soulconsulting.com.br\/2020\/wp-content\/uploads\/2021\/08\/2-12x12.png 12w\" sizes=\"auto, (max-width: 500px) 100vw, 500px\" data-id=\"18435\" \/><\/a><\/div>\t\t\t\t\n\t\t<\/div>\n\t\t<div class=\"creativesplanet-box-content\">\n\t\t\t<div class=\"creativesplanet-box-content-inner\">\t\n\t\t\t\t<div class=\"creativesplanet-box-team-position\">\n\t\t\t\t\t\t\t<div class=\"creativesplanet-box-team-position\">Founding Partner<\/div>\n\t\t\t\t\t\t<\/div>\t\t\t\n\t\t\t\t<h3 class=\"cspt-team-title\"><a href=\"https:\/\/soulconsulting.com.br\/en_us\/equipe-soul\/lucia_costa\/\">Lucia Costa<\/a><\/h3>\t\t\t\t\t\n\t\t\t\t\t\t\t\t<div class=\"creativesplanet-box-social-links\"><ul class=\"cspt-social-links cspt-team-social-links\"><li class=\"cspt-social-li cspt-social-linkedin\"><a href=\"https:\/\/www.linkedin.com\/in\/luciarcosta\/\" title=\"LinkedIn\" target=\"_blank\"><span><i class=\"cspt-base-icon-linkedin-squared\"><\/i><\/span><\/a><\/li><\/ul><\/div>\n\t\t\t<\/div>\t\t\t\t\n\t\t<\/div>\t\t\n\t<\/div>\n<\/article>\n <\/div><div class=\"cspt-ele cspt-team-ele col-md-6\"><article class=\"creativesplanet-ele creativesplanet-ele-team cspt-team-style-3\">\n\t<div class=\"creativesplanet-post-item d-flex\">\n\t\t<div class=\"creativesplanet-team-image-box\">\t\t\t\n\t\t\t<div class=\"cspt-featured-wrapper\"><a href=\"https:\/\/soulconsulting.com.br\/en_us\/equipe-soul\/renata_filippi\/\"><img loading=\"lazy\" decoding=\"async\" width=\"500\" height=\"560\" src=\"https:\/\/soulconsulting.com.br\/2020\/wp-content\/uploads\/2021\/08\/1-500x560.png\" class=\"attachment-cspt-img-500x560 size-cspt-img-500x560 wp-post-image\" alt=\"\" srcset=\"https:\/\/soulconsulting.com.br\/2020\/wp-content\/uploads\/2021\/08\/1-500x560.png 500w, https:\/\/soulconsulting.com.br\/2020\/wp-content\/uploads\/2021\/08\/1-12x12.png 12w\" sizes=\"auto, (max-width: 500px) 100vw, 500px\" data-id=\"18434\" \/><\/a><\/div>\t\t\t\t\n\t\t<\/div>\n\t\t<div class=\"creativesplanet-box-content\">\n\t\t\t<div class=\"creativesplanet-box-content-inner\">\t\n\t\t\t\t<div class=\"creativesplanet-box-team-position\">\n\t\t\t\t\t\t\t<div class=\"creativesplanet-box-team-position\">Founding Partner<\/div>\n\t\t\t\t\t\t<\/div>\t\t\t\n\t\t\t\t<h3 class=\"cspt-team-title\"><a href=\"https:\/\/soulconsulting.com.br\/en_us\/equipe-soul\/renata_filippi\/\">Renata Filippi<\/a><\/h3>\t\t\t\t\t\n\t\t\t\t\t\t\t\t<div class=\"creativesplanet-box-social-links\"><ul class=\"cspt-social-links cspt-team-social-links\"><li class=\"cspt-social-li cspt-social-linkedin\"><a href=\"https:\/\/www.linkedin.com\/in\/renata-filippi-lindquist-b0039b\/\" title=\"LinkedIn\" target=\"_blank\"><span><i class=\"cspt-base-icon-linkedin-squared\"><\/i><\/span><\/a><\/li><\/ul><\/div>\n\t\t\t<\/div>\t\t\t\t\n\t\t<\/div>\t\t\n\t<\/div>\n<\/article>\n <\/div><\/div><\/div><!-- .creativesplanet-element-inner -->   <\/div><!-- .creativesplanet-element -->  <div  class=\"cspt-ihbox cspt-ihbox-style-11\" >\n\t<div class=\"cspt-ihbox-box\">\n\t\t<div class=\"cspt-ihbox-icon\"><div class=\"cspt-ihbox-icon-wrapper\"><i class=\"cspt-emphires-icon cspt-emphires-icon-team\"><\/i><\/div><\/div><div class=\"cspt-ihbox-contents\">\n\t\t\t\t\t\t<div class=\"cspt-ihbox-subheading\"><\/div>\t\t\t\t\t\t\t\t\t\t\t<\/div><!-- .cspt-ihbox-contents -->\n\t<\/div>\n<\/div>\n\t\t<\/div>\n\t<\/div>\n<\/div>\n<\/div>\n<div data-vc-full-width=\"true\" data-vc-full-width-init=\"false\" class=\"vc_row wpb_row vc_row-fluid cspt-overflow-visible vc_custom_1581402259432 cspt-row cspt-text-color-yes cspt-text-color-white cspt-bg-color-yes cspt-bg-color-globalcolor cspt-zindex-zero cspt-bgimage-position-center-center cspt-responsive-custom-30975448 cspt-break-col-991 cspt-bgimage-yes cspt-bgimage-over-bgcolor vc_row-has-fill vc_row-o-content-middle vc_row-flex\">\n\t\t\t<div class=\"wpb_column vc_column_container vc_col-sm-5 cspt-column cspt-bg-color-yes cspt-bg-color-transparent cspt-zindex-zero\">\n\t<div class=\"vc_column-inner vc_custom_1579683623570\">\n\t\t\t<div class=\"wpb_wrapper\">\n\t\t\t<div  class=\"cspt-ihbox cspt-ihbox-style-hsbox  vc_custom_1607698438300  cspt-reverse-heading-yes vc_custom_1607698438300\" >\n\t<div class=\"cspt-ihbox-box\">\n\t\t<div class=\"cspt-ihbox-contents\">\n\t\t\t<div class=\"cspt-ihbox-subheading\"><\/div>\t\t\t<div class=\"cspt-ihbox-heading\"><\/div>\t\t\t\t\t\t\t\t\t\t\t<\/div><!-- .cspt-ihbox-contents -->\n\t<\/div>\n<\/div>\n\t\t<\/div>\n\t<\/div>\n<\/div>\n<div class=\"wpb_column vc_column_container vc_col-sm-7 cspt-column cspt-bg-color-yes cspt-bg-color-transparent cspt-zindex-zero cspt-responsive-custom-10388884\">\n\t<div class=\"vc_column-inner\">\n\t\t\t<div class=\"wpb_wrapper\">\n\t\t\t<div  class=\"creativesplanet-element creativesplanet-element-testimonial cspt-element-testimonial-style-4 creativesplanet-element-viewtype-carousel creativesplanet-gap-3 cspt-sortable-no\" data-show=\"3\" data-columns=\"1\" data-loop=\"false\" data-autoplay=\"false\" data-center=\"false\" data-nav=\"false\" data-dots=\"true\" data-autoplayspeed=\"1000\" data-margin=\"3\"><div class=\"creativesplanet-element-inner\"><div class=\"cspt-element-posts-wrapper row multi-columns-row\"><div class=\"cspt-ele cspt-testimonial-ele col-md-12\"><article class=\"creativesplanet-ele creativesplanet-ele-testimonial cspt-testimonial-style-4 cspt-testimonial-active\"><div class=\"creativesplanet-post-item\">\n\t<div class=\"creativesplanet-box-content\">\n\t<div class=\"creativesplanet-box-img\"><\/div>\n\t\t<div class=\"creativesplanet-box-inner\">\t\t\n\t\t\t<div class=\"creativesplanet-box-desc\">\n\t\t\t\t<blockquote class=\"creativesplanet-testimonial-text\"><p><!--StartFragment --><\/p>\n<p class=\"pf0\"><span class=\"cf0\">O<\/span><span class=\"cf0\"> programa da Soul HR Consulting foi determinante para minha transi\u00e7\u00e3o de carreira bem sucedida e alinhada com meus valores pessoais. Al\u00e9m de ser um prazer trabalhar com uma profissional do gabarito da Lucia Costa. Obrigado \u00e0 toda a equipe Soul!<\/span><\/p>\n<p><!--EndFragment --><\/p>\n<\/blockquote>\n\t\t\t<\/div>\n\t\t\t<div class=\"creativesplanet-box-author\">\n\t\t\t\t<div class=\"creativesplanet-box-author-details\">\t\n\t\t\t\t\t<h3 class=\"creativesplanet-box-title\">Daniel Wenzel Mendes<\/h3>\t\t\t\n\t\t\t\t\t- <span class=\"cspt-designation\">Diretor de Suplay Chain<\/span>\t\t\t\t<\/div>\n\t\t\t<\/div>\n\t\t<\/div>\n\t<\/div>\t\n<\/div><\/article><\/div><div class=\"cspt-ele cspt-testimonial-ele col-md-12\"><article class=\"creativesplanet-ele creativesplanet-ele-testimonial cspt-testimonial-style-4\"><div class=\"creativesplanet-post-item\">\n\t<div class=\"creativesplanet-box-content\">\n\t<div class=\"creativesplanet-box-img\"><\/div>\n\t\t<div class=\"creativesplanet-box-inner\">\t\t\n\t\t\t<div class=\"creativesplanet-box-desc\">\n\t\t\t\t<blockquote class=\"creativesplanet-testimonial-text\"><p>I have always been able to count on Soul Consulting both in recruitment projects and in training and coaching\/outplacement. You are always willing to understand our needs as a client to serve us in the best way by designing very personalized processes. The professionals\/consultants are senior, with a lot of knowledge and experience in their areas of expertise.<\/p>\n<\/blockquote>\n\t\t\t<\/div>\n\t\t\t<div class=\"creativesplanet-box-author\">\n\t\t\t\t<div class=\"creativesplanet-box-author-details\">\t\n\t\t\t\t\t<h3 class=\"creativesplanet-box-title\">Head of HR<\/h3>\t\t\t\n\t\t\t\t\t- <span class=\"cspt-designation\">Multinational Chemical<\/span>\t\t\t\t<\/div>\n\t\t\t<\/div>\n\t\t<\/div>\n\t<\/div>\t\n<\/div><\/article><\/div><div class=\"cspt-ele cspt-testimonial-ele col-md-12\"><article class=\"creativesplanet-ele creativesplanet-ele-testimonial cspt-testimonial-style-4\"><div class=\"creativesplanet-post-item\">\n\t<div class=\"creativesplanet-box-content\">\n\t<div class=\"creativesplanet-box-img\"><\/div>\n\t\t<div class=\"creativesplanet-box-inner\">\t\t\n\t\t\t<div class=\"creativesplanet-box-desc\">\n\t\t\t\t<blockquote class=\"creativesplanet-testimonial-text\"><p>The Soul Board Experience was a true, practical and intense immersion in the world of the Board of family businesses and Start-ups. Essential for anyone who wants to be part of this world. Soul went far beyond my expectations.<\/p>\n<\/blockquote>\n\t\t\t<\/div>\n\t\t\t<div class=\"creativesplanet-box-author\">\n\t\t\t\t<div class=\"creativesplanet-box-author-details\">\t\n\t\t\t\t\t<h3 class=\"creativesplanet-box-title\">Urbano Santiago Neto<\/h3>\t\t\t\n\t\t\t\t\t- <span class=\"cspt-designation\">General Manager<\/span>\t\t\t\t<\/div>\n\t\t\t<\/div>\n\t\t<\/div>\n\t<\/div>\t\n<\/div><\/article><\/div><\/div><\/div><!-- .creativesplanet-element-inner -->   <\/div><!-- .creativesplanet-element -->  \t\t<\/div>\n\t<\/div>\n<\/div>\n<\/div>\n<div class=\"vc_row-full-width vc_clearfix\"><\/div><div class=\"vc_row wpb_row vc_row-fluid cspt-row cspt-bg-color-yes cspt-bg-color-white cspt-zindex-zero\">\n\t\t\t<div class=\"wpb_column vc_column_container vc_col-sm-12 cspt-column cspt-bg-color-yes cspt-bg-color-transparent cspt-zindex-zero\">\n\t<div class=\"vc_column-inner\">\n\t\t\t<div class=\"wpb_wrapper\">\n\t\t\t<div  class=\"creativesplanet-element creativesplanet-element-blog cspt-element-blog-style-1 creativesplanet-element-viewtype-row-column cspt-sortable-no\" data-show=\"3\" data-columns=\"3\" data-loop=\"false\" data-autoplay=\"false\" data-center=\"false\" data-nav=\"false\" data-dots=\"false\" data-autoplayspeed=\"1000\" data-margin=\"\"><div class=\"creativesplanet-element-inner\"><div class=\"cspt-ele-header-area\"><div  class=\"cspt-ihbox cspt-ihbox-style-hsbox  cspt-reverse-heading-yes cspt-align-center\" >\n\t<div class=\"cspt-ihbox-box\">\n\t\t<div class=\"cspt-ihbox-contents\">\n\t\t\t<div class=\"cspt-ihbox-subheading\"><\/div>\t\t\t<div class=\"cspt-ihbox-heading\"><\/div>\t\t\t\t\t\t\t\t\t\t\t<\/div><!-- .cspt-ihbox-contents -->\n\t<\/div>\n<\/div>\n<\/div><div class=\"cspt-element-posts-wrapper row multi-columns-row\"><div class=\"cspt-ele cspt-blog-ele col-md-4 leadership\"><article class=\"creativesplanet-ele creativesplanet-ele-blog cspt-blogbox-style-1 post-14285 post type-post status-publish format-video hentry category-leadership tag-gestao tag-governanca tag-inovacao-2 post_format-post-format-video\">\n\t<div class=\"post-item\">\n\t\t<div class=\"cspt-featured-container\">\n\t\t\t\t\t\t<div class=\"cspt-meta-date\">05<span>Jan<\/span><\/div>\t \t\t\t\n\t\t<\/div>\n\t\t<div class=\"creativesplanet-box-content\">\t\n\t\t\t<div class=\"cspt-meta-container\">\n\t\t\t\t<div class=\"cspt-meta-author-wrapper cspt-meta-line\">\t\t\t\t\t\n\t\t\t\t\t<a href=\"https:\/\/soulconsulting.com.br\/en_us\/author\/soul_consulting\/\" title=\"Posted by soul_consulting\" rel=\"author\"><i class=\"cspt-base-icon-user-1\"><\/i> by soul_consulting<\/a>\n\t\t\t\t<\/div>\n\t\t\t\t<div class=\"cspt-meta-date-wrapper cspt-meta-line\">\t\t\t\t\t\n\t\t\t\t\t<div class=\"cspt-meta-category\"><i class=\"cspt-base-icon-folder-open-empty\"><\/i> <a href=\"https:\/\/soulconsulting.com.br\/en_us\/category\/leadership\/\" rel=\"category tag\">Leadership<\/a><\/div>\t\n\t\t\t\t<\/div>\t\t\t\t\n\t\t\t\t<div class=\"cspt-meta-date-wrapper cspt-meta-line\">\t\n\t\t\t\t\t<i class=\"cspt-base-icon-comment-empty\"><\/i> <span class=\"cspt-meta cspt-meta-comments\">0<\/span>\n\t\t\t\t<\/div>\n\t\t\t\t\t\t\t\t\n\t\t\t\t\t\t\t<\/div>\n\t\t\t<h3 class=\"cspt-post-title\"><a href=\"https:\/\/soulconsulting.com.br\/en_us\/episodio-viii-valor-para-sua-empresa\/\">Epis\u00f3dio VIII &#8211; Valor para sua empresa<\/a><\/h3>\n\t\t\t<div class=\"creativesplanet-box-desc\">\n\t\t\t\t<div class=\"creativesplanet-box-desc-text\">\n\t\t\t\t\tNo dia 4 de outubro, a nossa s\u00f3cia\u00a0Renata Filippi\u00a0participou do 8\u00b0 Epis\u00f3dio da s\u00e9rie VALOR PARA A SUA EMPRESA. O programa foi ao ar no canal Pensamento Corporativo, que tem&hellip;\t\t\t\t\t\n\t\t\t\t<\/div>\t\t\n\t\t\t\t<div class=\"cspt-read-more-link\"><a href=\"https:\/\/soulconsulting.com.br\/en_us\/episodio-viii-valor-para-sua-empresa\/\"><span>Read More<\/span><\/a><\/div>\t\n\t\t\t<\/div>\n\t\t<\/div>\n\t<\/div>\n<\/article><\/div><div class=\"cspt-ele cspt-blog-ele col-md-4 leadership\"><article class=\"creativesplanet-ele creativesplanet-ele-blog cspt-blogbox-style-1 post-14297 post type-post status-publish format-standard hentry category-leadership tag-carreiras tag-sucessaoempresarial\">\n\t<div class=\"post-item\">\n\t\t<div class=\"cspt-featured-container\">\n\t\t\t\t\t\t<div class=\"cspt-meta-date\">05<span>Jan<\/span><\/div>\t \t\t\t\n\t\t<\/div>\n\t\t<div class=\"creativesplanet-box-content\">\t\n\t\t\t<div class=\"cspt-meta-container\">\n\t\t\t\t<div class=\"cspt-meta-author-wrapper cspt-meta-line\">\t\t\t\t\t\n\t\t\t\t\t<a href=\"https:\/\/soulconsulting.com.br\/en_us\/author\/soul_consulting\/\" title=\"Posted by soul_consulting\" rel=\"author\"><i class=\"cspt-base-icon-user-1\"><\/i> by soul_consulting<\/a>\n\t\t\t\t<\/div>\n\t\t\t\t<div class=\"cspt-meta-date-wrapper cspt-meta-line\">\t\t\t\t\t\n\t\t\t\t\t<div class=\"cspt-meta-category\"><i class=\"cspt-base-icon-folder-open-empty\"><\/i> <a href=\"https:\/\/soulconsulting.com.br\/en_us\/category\/leadership\/\" rel=\"category tag\">Leadership<\/a><\/div>\t\n\t\t\t\t<\/div>\t\t\t\t\n\t\t\t\t<div class=\"cspt-meta-date-wrapper cspt-meta-line\">\t\n\t\t\t\t\t<i class=\"cspt-base-icon-comment-empty\"><\/i> <span class=\"cspt-meta cspt-meta-comments\">0<\/span>\n\t\t\t\t<\/div>\n\t\t\t\t\t\t\t\t\n\t\t\t\t\t\t\t<\/div>\n\t\t\t<h3 class=\"cspt-post-title\"><a href=\"https:\/\/soulconsulting.com.br\/en_us\/aqui-tem-vaga-sucessao-e-pandemia\/\">Aqui tem vaga: sucess\u00e3o e pandemia<\/a><\/h3>\n\t\t\t<div class=\"creativesplanet-box-desc\">\n\t\t\t\t<div class=\"creativesplanet-box-desc-text\">\n\t\t\t\t\tNossa s\u00f3cia&nbsp;Renata Filippi&nbsp;participou do Aqui Tem Vaga, espa\u00e7o semanal da Band News sobre carreira, para falar de sucess\u00e3o empresarial em tempo de pandemia. \u201cHoje n\u00f3s vemos um n\u00famero muito grande&hellip;\t\t\t\t\t\n\t\t\t\t<\/div>\t\t\n\t\t\t\t<div class=\"cspt-read-more-link\"><a href=\"https:\/\/soulconsulting.com.br\/en_us\/aqui-tem-vaga-sucessao-e-pandemia\/\"><span>Read More<\/span><\/a><\/div>\t\n\t\t\t<\/div>\n\t\t<\/div>\n\t<\/div>\n<\/article><\/div><div class=\"cspt-ele cspt-blog-ele col-md-4 leadership\"><article class=\"creativesplanet-ele creativesplanet-ele-blog cspt-blogbox-style-1 post-14301 post type-post status-publish format-standard hentry category-leadership\">\n\t<div class=\"post-item\">\n\t\t<div class=\"cspt-featured-container\">\n\t\t\t\t\t\t<div class=\"cspt-meta-date\">05<span>Jan<\/span><\/div>\t \t\t\t\n\t\t<\/div>\n\t\t<div class=\"creativesplanet-box-content\">\t\n\t\t\t<div class=\"cspt-meta-container\">\n\t\t\t\t<div class=\"cspt-meta-author-wrapper cspt-meta-line\">\t\t\t\t\t\n\t\t\t\t\t<a href=\"https:\/\/soulconsulting.com.br\/en_us\/author\/soul_consulting\/\" title=\"Posted by soul_consulting\" rel=\"author\"><i class=\"cspt-base-icon-user-1\"><\/i> by soul_consulting<\/a>\n\t\t\t\t<\/div>\n\t\t\t\t<div class=\"cspt-meta-date-wrapper cspt-meta-line\">\t\t\t\t\t\n\t\t\t\t\t<div class=\"cspt-meta-category\"><i class=\"cspt-base-icon-folder-open-empty\"><\/i> <a href=\"https:\/\/soulconsulting.com.br\/en_us\/category\/leadership\/\" rel=\"category tag\">Leadership<\/a><\/div>\t\n\t\t\t\t<\/div>\t\t\t\t\n\t\t\t\t<div class=\"cspt-meta-date-wrapper cspt-meta-line\">\t\n\t\t\t\t\t<i class=\"cspt-base-icon-comment-empty\"><\/i> <span class=\"cspt-meta cspt-meta-comments\">0<\/span>\n\t\t\t\t<\/div>\n\t\t\t\t\t\t\t\t\n\t\t\t\t\t\t\t<\/div>\n\t\t\t<h3 class=\"cspt-post-title\"><a href=\"https:\/\/soulconsulting.com.br\/en_us\/a-vaga-e-sua\/\">A Vaga \u00c9 Sua<\/a><\/h3>\n\t\t\t<div class=\"creativesplanet-box-desc\">\n\t\t\t\t<div class=\"creativesplanet-box-desc-text\">\n\t\t\t\t\tNo novo artigo da s\u00e9rie \"A Vaga \u00c9 Sua\", a jornalista&nbsp;Claudia Gasparini&nbsp;aborda quest\u00f5es importantes para que voc\u00ea consiga montar um curr\u00edculo eficiente com o intuito de chamar a aten\u00e7\u00e3o dos&hellip;\t\t\t\t\t\n\t\t\t\t<\/div>\t\t\n\t\t\t\t<div class=\"cspt-read-more-link\"><a href=\"https:\/\/soulconsulting.com.br\/en_us\/a-vaga-e-sua\/\"><span>Read More<\/span><\/a><\/div>\t\n\t\t\t<\/div>\n\t\t<\/div>\n\t<\/div>\n<\/article><\/div><\/div><\/div><!-- .creativesplanet-element-inner -->   <\/div><!-- .creativesplanet-element -->  \t\t<\/div>\n\t<\/div>\n<\/div>\n<\/div>","protected":false},"excerpt":{"rendered":"No novo artigo da s\u00e9rie \"A Vaga \u00c9 Sua\", a jornalista&nbsp;Claudia Gasparini&nbsp;aborda quest\u00f5es importantes para que voc\u00ea consiga montar um curr\u00edculo eficiente com o intuito de chamar a aten\u00e7\u00e3o dos recrutadores. O nosso s\u00f3cio,&nbsp;Paulo Rodrigo Dias&nbsp;participou da constru\u00e7\u00e3o desse artigo colaborando com vis\u00f5es sobre&nbsp;#curr\u00edculos. Dentre as dicas podemos destacar organiza\u00e7\u00e3o, clareza e simplicidade na hora [...]","protected":false},"author":1,"featured_media":0,"parent":0,"menu_order":6,"comment_status":"closed","ping_status":"closed","template":"","meta":{"_acf_changed":false,"footnotes":""},"class_list":["post-11897","page","type-page","status-publish","hentry"],"acf":[],"_links":{"self":[{"href":"https:\/\/soulconsulting.com.br\/en_us\/wp-json\/wp\/v2\/pages\/11897","targetHints":{"allow":["GET"]}}],"collection":[{"href":"https:\/\/soulconsulting.com.br\/en_us\/wp-json\/wp\/v2\/pages"}],"about":[{"href":"https:\/\/soulconsulting.com.br\/en_us\/wp-json\/wp\/v2\/types\/page"}],"author":[{"embeddable":true,"href":"https:\/\/soulconsulting.com.br\/en_us\/wp-json\/wp\/v2\/users\/1"}],"replies":[{"embeddable":true,"href":"https:\/\/soulconsulting.com.br\/en_us\/wp-json\/wp\/v2\/comments?post=11897"}],"version-history":[{"count":13,"href":"https:\/\/soulconsulting.com.br\/en_us\/wp-json\/wp\/v2\/pages\/11897\/revisions"}],"predecessor-version":[{"id":17598,"href":"https:\/\/soulconsulting.com.br\/en_us\/wp-json\/wp\/v2\/pages\/11897\/revisions\/17598"}],"wp:attachment":[{"href":"https:\/\/soulconsulting.com.br\/en_us\/wp-json\/wp\/v2\/media?parent=11897"}],"curies":[{"name":"wp","href":"https:\/\/api.w.org\/{rel}","templated":true}]}}