{"id":10420,"date":"2019-06-18T06:58:53","date_gmt":"2019-06-18T06:58:53","guid":{"rendered":"http:\/\/emphires-demo.creativesplanet.com\/nutrition\/?page_id=10420"},"modified":"2025-09-23T09:58:26","modified_gmt":"2025-09-23T12:58:26","slug":"contato","status":"publish","type":"page","link":"http:\/\/soulconsulting.com.br\/en_us\/contato\/","title":{"rendered":"Contact"},"content":{"rendered":"<div class=\"vc_row wpb_row vc_row-fluid vc_custom_1580896931782 cspt-row cspt-bg-color-yes cspt-bg-color-white cspt-zindex-zero\">\n\t\t\t<div class=\"wpb_column vc_column_container vc_col-sm-12 cspt-column cspt-bg-color-yes cspt-bg-color-transparent cspt-zindex-zero\">\n\t<div class=\"vc_column-inner\">\n\t\t\t<div class=\"wpb_wrapper\">\n\t\t\t<div class=\"vc_row wpb_row vc_inner vc_row-fluid vc_custom_1580896863847 cspt-row-inner cspt-bg-color-yes cspt-bg-color-transparent cspt-zindex-zero\">\n\t<div class=\"wpb_column vc_column_container vc_col-sm-4 cspt-column-inner cspt-bg-color-yes cspt-bg-color-transparent cspt-zindex-zero\"><div class=\"vc_column-inner\"><div class=\"wpb_wrapper\"><div  class=\"cspt-ihbox cspt-ihbox-style-2\" >\n\t<div class=\"cspt-ihbox-box\">\n\t\t<div class=\"cspt-ihbox-headingicon d-flex\">\n\t\t\t<div class=\"cspt-ihbox-icon\"><div class=\"cspt-ihbox-icon-wrapper\"><i class=\"cspt-emphires-icon cspt-emphires-icon-email\"><\/i><\/div><\/div>\t\t\t<div class=\"cspt-ihbox-contents\">\n\t\t\t\t\t\t\t\t\t\t\t\t<div class=\"cspt-ihbox-content\">contato@soulconsulting.com.br<\/div>\t\t\t\t\t\t\t<\/div><!-- .cspt-ihbox-contents -->\n\t\t<\/div>\n\t<\/div>\n<\/div>\n<\/div><\/div><\/div><div class=\"wpb_column vc_column_container vc_col-sm-4 cspt-column-inner cspt-bg-color-yes cspt-bg-color-transparent cspt-zindex-zero cspt-responsive-custom-31899247\"><div class=\"vc_column-inner\"><div class=\"wpb_wrapper\"><div  class=\"cspt-ihbox cspt-ihbox-style-2\" >\n\t<div class=\"cspt-ihbox-box\">\n\t\t<div class=\"cspt-ihbox-headingicon d-flex\">\n\t\t\t<div class=\"cspt-ihbox-icon\"><div class=\"cspt-ihbox-icon-wrapper\"><i class=\"cspt-emphires-icon cspt-emphires-icon-placeholder-1\"><\/i><\/div><\/div>\t\t\t<div class=\"cspt-ihbox-contents\">\n\t\t\t\t\t\t\t\t\t\t\t\t<div class=\"cspt-ihbox-content\">Av. Dr. Chucri Zaidan, 296<br \/>\n23\u00ba andar &#8211; Vila Cordeiro<br \/>\nS\u00e3o Paulo &#8211; SP, 04583-110<\/div>\t\t\t\t\t\t\t<\/div><!-- .cspt-ihbox-contents -->\n\t\t<\/div>\n\t<\/div>\n<\/div>\n<\/div><\/div><\/div><div class=\"wpb_column vc_column_container vc_col-sm-4 cspt-column-inner cspt-bg-color-yes cspt-bg-color-transparent cspt-zindex-zero cspt-responsive-custom-20312158\"><div class=\"vc_column-inner\"><div class=\"wpb_wrapper\"><\/div><\/div><\/div><\/div>\n\t\t<\/div>\n\t<\/div>\n<\/div>\n<\/div>\n<div class=\"vc_row wpb_row vc_row-fluid cspt-box-shadow-1 cspt-border-radius-1 vc_custom_1577333113871 cspt-row cspt-bg-color-yes cspt-bg-color-white cspt-zindex-2 cspt-responsive-custom-29026640 cspt-break-col-991 vc_row-o-equal-height vc_row-flex\">\n\t\t\t<div class=\"wpb_column vc_column_container vc_col-sm-6 cspt-column cspt-bg-color-yes cspt-bg-color-transparent cspt-zindex-zero cspt-responsive-custom-11625997\">\n\t<div class=\"vc_column-inner\">\n\t\t\t<div class=\"wpb_wrapper\">\n\t\t\t<div class=\"vc_row wpb_row vc_inner vc_row-fluid cspt-row-inner cspt-bg-color-yes cspt-bg-color-white cspt-zindex-zero cspt-responsive-custom-12599019 cspt-break-col-991 vc_row-o-equal-height vc_row-flex\">\n\t<div class=\"wpb_column vc_column_container vc_col-sm-12 cspt-column-inner cspt-bg-color-yes cspt-bg-color-transparent cspt-zindex-zero cspt-responsive-custom-44409022\"><div class=\"vc_column-inner vc_custom_1581333977459\"><div class=\"wpb_wrapper\">\n\t<div class=\"wpb_text_column wpb_content_element\" >\n\t\t<div class=\"wpb_wrapper\">\n\t\t\t<h2><!--StartFragment --><strong><span class=\"cf0\">Gostaria de participar de um processo seletivo conosco?<\/span><\/strong><!--EndFragment --><\/h2>\n<h5>Deixe aqui o seu curr\u00edculo!<\/h5>\n\n\t\t<\/div>\n\t<\/div>\n\n\t<div class=\"wpb_text_column wpb_content_element\" >\n\t\t<div class=\"wpb_wrapper\">\n\t\t\t<ul class=\"cspt-social-links\"><li class=\"cspt-social-li cspt-social-linkedin\"><a  href=\"https:\/\/www.linkedin.com\/company\/soul-hrconsulting\/?originalSubdomain=br\" target=\"_blank\"><span><i class=\"cspt-base-icon-linkedin-squared\"><\/i><\/span><\/a><\/li><li class=\"cspt-social-li cspt-social-youtube\"><a  href=\"https:\/\/www.youtube.com\/channel\/UCIeQYd77FIAob7b3oarPwag\" target=\"_blank\"><span><i class=\"cspt-base-icon-youtube-play\"><\/i><\/span><\/a><\/li><\/ul>\n\n\t\t<\/div>\n\t<\/div>\n<\/div><\/div><\/div><\/div>\n\t\t<\/div>\n\t<\/div>\n<\/div>\n<div class=\"wpb_column vc_column_container vc_col-sm-6 cspt-column cspt-bg-color-yes cspt-bg-color-transparent cspt-zindex-zero cspt-responsive-custom-65424807\">\n\t<div class=\"vc_column-inner vc_custom_1581333870365\">\n\t\t\t<div class=\"wpb_wrapper\">\n\t\t\t\n<div class=\"wpcf7 no-js\" id=\"wpcf7-f11892-o1\" lang=\"en-US\" dir=\"ltr\" data-wpcf7-id=\"11892\">\n<div class=\"screen-reader-response\"><p role=\"status\" aria-live=\"polite\" aria-atomic=\"true\"><\/p> <ul><\/ul><\/div>\n<form action=\"\/en_us\/wp-json\/wp\/v2\/pages\/10420#wpcf7-f11892-o1\" method=\"post\" class=\"wpcf7-form init\" aria-label=\"Contact form\" novalidate=\"novalidate\" data-status=\"init\" data-trp-original-action=\"\/en_us\/wp-json\/wp\/v2\/pages\/10420#wpcf7-f11892-o1\">\n<fieldset class=\"hidden-fields-container\"><input type=\"hidden\" name=\"_wpcf7\" value=\"11892\" \/><input type=\"hidden\" name=\"_wpcf7_version\" value=\"6.1.1\" \/><input type=\"hidden\" name=\"_wpcf7_locale\" value=\"en_US\" \/><input type=\"hidden\" name=\"_wpcf7_unit_tag\" value=\"wpcf7-f11892-o1\" \/><input type=\"hidden\" name=\"_wpcf7_container_post\" value=\"0\" \/><input type=\"hidden\" name=\"_wpcf7_posted_data_hash\" value=\"\" \/><input type=\"hidden\" name=\"_wpcf7_recaptcha_response\" value=\"\" \/>\n<\/fieldset>\n<div class=\"cspt-main-form cspt-form-style-3\">\n\t<div class=\"row\">\n\t\t<div class=\"col-sm-12\">\n\t\t\t<div class=\"input-group\">\n\t\t\t\t<p><span class=\"wpcf7-form-control-wrap\" data-name=\"your-name\"><input size=\"40\" maxlength=\"400\" class=\"wpcf7-form-control wpcf7-text\" aria-invalid=\"false\" placeholder=\"Name\" value=\"\" type=\"text\" name=\"your-name\" \/><\/span>\n\t\t\t\t<\/p>\n\t\t\t<\/div>\n\t\t<\/div>\n\t\t<div class=\"col-sm-12\">\n\t\t\t<div class=\"input-group\">\n\t\t\t\t<p><span class=\"wpcf7-form-control-wrap\" data-name=\"your-email\"><input size=\"40\" maxlength=\"400\" class=\"wpcf7-form-control wpcf7-email wpcf7-validates-as-required wpcf7-text wpcf7-validates-as-email\" aria-required=\"true\" aria-invalid=\"false\" placeholder=\"Email\" value=\"\" type=\"email\" name=\"your-email\" \/><\/span>\n\t\t\t\t<\/p>\n\t\t\t<\/div>\n\t\t<\/div>\n\t\t<div class=\"col-sm-12\">\n\t\t\t<div class=\"input-group\">\n\t\t\t\t<p><span class=\"wpcf7-form-control-wrap\" data-name=\"telefone\"><input size=\"40\" maxlength=\"400\" class=\"wpcf7-form-control wpcf7-text\" aria-invalid=\"false\" placeholder=\"Phone\" value=\"\" type=\"text\" name=\"telefone\" \/><\/span>\n\t\t\t\t<\/p>\n\t\t\t<\/div>\n\t\t<\/div>\n\t\t<div class=\"col-sm-12\">\n\t\t\t<div class=\"input-group\">\n\t\t\t\t<p><span class=\"wpcf7-form-control-wrap\" data-name=\"servico\"><select class=\"wpcf7-form-control wpcf7-select\" aria-invalid=\"false\" name=\"servico\"><option value=\"Servi\u00e7o\">Servi\u00e7o<\/option><option value=\"Recrutamento Executivo\">Executive Search<\/option><option value=\"Transi\u00e7\u00e3o de Carreira\">Career Transition<\/option><option value=\"Cultura e Lideran\u00e7a\">Culture and Leadership<\/option><option value=\"Sele\u00e7\u00e3o e Atra\u00e7\u00e3o Digital\">Sele\u00e7\u00e3o e Atra\u00e7\u00e3o Digital<\/option><option value=\"Board Services\">Board Services<\/option><\/select><\/span>\n\t\t\t\t<\/p>\n\t\t\t<\/div>\n\t\t<\/div>\n\t\t<div class=\"col-sm-12\">\n\t\t\t<div class=\"input-group\">\n\t\t\t\t<p><span class=\"wpcf7-form-control-wrap\" data-name=\"mensagem\"><textarea cols=\"40\" rows=\"10\" maxlength=\"2000\" class=\"wpcf7-form-control wpcf7-textarea\" aria-invalid=\"false\" placeholder=\"Write your message here\" name=\"mensagem\"><\/textarea><\/span>\n\t\t\t\t<\/p>\n\t\t\t<\/div>\n\t\t<\/div>\n\t\t<div class=\"col-sm-12\">\n\t\t\t<div class=\"input-button\">\n\t\t\t\t<p><button id='submit' class='wpcf7-form-control wpcf7-submit'>Send<\/button>\n\t\t\t\t<\/p>\n\t\t\t<\/div>\n\t\t<\/div>\n\t<\/div>\n<\/div><p style=\"display: none !important;\" class=\"akismet-fields-container\" data-prefix=\"_wpcf7_ak_\"><label>&#916;<textarea name=\"_wpcf7_ak_hp_textarea\" cols=\"45\" rows=\"8\" maxlength=\"100\"><\/textarea><\/label><input type=\"hidden\" id=\"ak_js_1\" name=\"_wpcf7_ak_js\" value=\"240\"\/><script>document.getElementById( \"ak_js_1\" ).setAttribute( \"value\", ( new Date() ).getTime() );<\/script><\/p><div class=\"wpcf7-response-output\" aria-hidden=\"true\"><\/div>\n<input type=\"hidden\" name=\"trp-form-language\" value=\"en_us\"\/><\/form>\n<\/div>\n\t\t<\/div>\n\t<\/div>\n<\/div>\n<\/div>\n<div data-vc-full-width=\"true\" data-vc-full-width-init=\"false\" data-vc-stretch-content=\"true\" class=\"vc_row wpb_row vc_row-fluid vc_custom_1580893307870 cspt-row cspt-bg-color-yes cspt-bg-color-transparent cspt-zindex-zero vc_row-no-padding\">\n\t\t\t<div class=\"wpb_column vc_column_container vc_col-sm-12 cspt-column cspt-bg-color-yes cspt-bg-color-transparent cspt-zindex-zero\">\n\t<div class=\"vc_column-inner\">\n\t\t\t<div class=\"wpb_wrapper\">\n\t\t\t\n\t<div class=\"wpb_raw_code wpb_content_element wpb_raw_html vc_custom_1607703350036\" >\n\t\t<div class=\"wpb_wrapper\">\n\t\t\t<iframe loading=\"lazy\" src=\"https:\/\/www.google.com\/maps\/embed?pb=!1m18!1m12!1m3!1d3655.6175721694326!2d-46.7000954492396!3d-23.618044484579407!2m3!1f0!2f0!3f0!3m2!1i1024!2i768!4f13.1!3m3!1m2!1s0x94ce519de7159a09%3A0x405d35118658024f!2sSoul%20HR%20Consulting!5e0!3m2!1spt-BR!2sbr!4v1607703307036!5m2!1spt-BR!2sbr\" width=\"1920\" height=\"638\" frameborder=\"0\" style=\"border:0;\" allowfullscreen=\"\" aria-hidden=\"false\" tabindex=\"0\"><\/iframe>\n\t\t<\/div>\n\t<\/div>\n\t\t<\/div>\n\t<\/div>\n<\/div>\n<\/div>\n<div class=\"vc_row-full-width vc_clearfix\"><\/div>","protected":false},"excerpt":{"rendered":"contato@soulconsulting.com.br Av. Dr. Chucri Zaidan, 296 23\u00ba andar - Vila Cordeiro S\u00e3o Paulo - SP, 04583-110 Gostaria de participar de um processo seletivo conosco? Deixe aqui o seu curr\u00edculo! Servi\u00e7oRecrutamento ExecutivoTransi\u00e7\u00e3o de CarreiraCultura e Lideran\u00e7aSele\u00e7\u00e3o e Atra\u00e7\u00e3o DigitalBoard Services Enviar &#916;","protected":false},"author":1,"featured_media":0,"parent":0,"menu_order":24,"comment_status":"closed","ping_status":"closed","template":"","meta":{"_acf_changed":false,"footnotes":""},"class_list":["post-10420","page","type-page","status-publish","hentry"],"acf":[],"_links":{"self":[{"href":"http:\/\/soulconsulting.com.br\/en_us\/wp-json\/wp\/v2\/pages\/10420","targetHints":{"allow":["GET"]}}],"collection":[{"href":"http:\/\/soulconsulting.com.br\/en_us\/wp-json\/wp\/v2\/pages"}],"about":[{"href":"http:\/\/soulconsulting.com.br\/en_us\/wp-json\/wp\/v2\/types\/page"}],"author":[{"embeddable":true,"href":"http:\/\/soulconsulting.com.br\/en_us\/wp-json\/wp\/v2\/users\/1"}],"replies":[{"embeddable":true,"href":"http:\/\/soulconsulting.com.br\/en_us\/wp-json\/wp\/v2\/comments?post=10420"}],"version-history":[{"count":6,"href":"http:\/\/soulconsulting.com.br\/en_us\/wp-json\/wp\/v2\/pages\/10420\/revisions"}],"predecessor-version":[{"id":18423,"href":"http:\/\/soulconsulting.com.br\/en_us\/wp-json\/wp\/v2\/pages\/10420\/revisions\/18423"}],"wp:attachment":[{"href":"http:\/\/soulconsulting.com.br\/en_us\/wp-json\/wp\/v2\/media?parent=10420"}],"curies":[{"name":"wp","href":"https:\/\/api.w.org\/{rel}","templated":true}]}}